{"id":998,"date":"2020-05-31T19:46:39","date_gmt":"2020-05-31T19:46:39","guid":{"rendered":"https:\/\/modicare.eu\/?post_type=product&#038;p=998"},"modified":"2020-05-31T19:54:09","modified_gmt":"2020-05-31T19:54:09","slug":"hygiene-schutzwand-aus-plexiglas-2","status":"publish","type":"product","link":"https:\/\/modicare.eu\/index.php\/product\/hygiene-schutzwand-aus-plexiglas-2\/","title":{"rendered":"Hygiene-Schutzwand aus Plexiglas"},"content":{"rendered":"<p>Die oben abgewinkelte Scheibe bietet der Person hinter der Schiebe mehr Schutz gegen kontaminierte Luftverwirbelungen.<\/p>\n<p>Inkl. 2 St\u00fctzen aus Aluverbund (Farbvariante der St\u00fctzen bitte w\u00e4hlen).<\/p>\n","protected":false},"excerpt":{"rendered":"<p>Die oben abgewinkelte Scheibe bietet der Person hinter der Schiebe mehr Schutz gegen kontaminierte Luftverwirbelungen.<\/p>\n<p>Inkl. 2 St\u00fctzen aus Aluverbund (Farbvarianten der St\u00fctzen bitte ausw\u00e4hlen).<\/p>\n","protected":false},"featured_media":1016,"template":"","meta":[],"jetpack_sharing_enabled":true,"_links":{"self":[{"href":"https:\/\/modicare.eu\/index.php\/wp-json\/wp\/v2\/product\/998"}],"collection":[{"href":"https:\/\/modicare.eu\/index.php\/wp-json\/wp\/v2\/product"}],"about":[{"href":"https:\/\/modicare.eu\/index.php\/wp-json\/wp\/v2\/types\/product"}],"wp:featuredmedia":[{"embeddable":true,"href":"https:\/\/modicare.eu\/index.php\/wp-json\/wp\/v2\/media\/1016"}],"wp:attachment":[{"href":"https:\/\/modicare.eu\/index.php\/wp-json\/wp\/v2\/media?parent=998"}],"curies":[{"name":"wp","href":"https:\/\/api.w.org\/{rel}","templated":true}]}}