{"id":258,"date":"2020-04-29T16:29:50","date_gmt":"2020-04-29T16:29:50","guid":{"rendered":"http:\/\/modicare.eu\/index.php\/versandarten\/"},"modified":"2020-05-25T10:18:37","modified_gmt":"2020-05-25T10:18:37","slug":"versandarten","status":"publish","type":"page","link":"https:\/\/modicare.eu\/index.php\/versandarten\/","title":{"rendered":"Versandarten"},"content":{"rendered":"<h1>Versandarten:<\/h1>\n<div style=\"margin: 0 auto; width: 90%;\">\n<div class=\"su-row\"><div class=\"su-column su-column-size-1-3\"><div class=\"su-column-inner su-u-clearfix su-u-trim\"><strong><span style=\"color: #0c337f;\">Desinfektionsmittel:<\/span><\/strong><\/p>\n<p>Wir versenden per Spedition an Adressen in Deutschland (Lieferzeit: 3-4 Werktage).\u00a0Lieferkosten: 150,00 \u20ac (netto) \/ Palette<\/p>\n<\/div><\/div> <div class=\"su-column su-column-size-1-3\"><div class=\"su-column-inner su-u-clearfix su-u-trim\"><span style=\"color: #0c337f;\"><strong>Schutzausr\u00fcstung:<\/strong><\/span><\/p>\n<p>Abh\u00e4ngig von der Liefermenge w\u00e4hlen wir die f\u00fcr Sie g\u00fcnstigste M\u00f6glichkeit aus unseren Optionen aus und teilen Ihnen diese nach Bestellung mit.<\/div><\/div>\n<div class=\"su-column su-column-size-1-3\"><div class=\"su-column-inner su-u-clearfix su-u-trim\"><\/div><\/div>\n<\/div>\n<\/div>\n","protected":false},"excerpt":{"rendered":"<p>Versandarten:<\/p>\n","protected":false},"author":1,"featured_media":0,"parent":0,"menu_order":0,"comment_status":"closed","ping_status":"closed","template":"","meta":{"footnotes":""},"jetpack_sharing_enabled":true,"_links":{"self":[{"href":"https:\/\/modicare.eu\/index.php\/wp-json\/wp\/v2\/pages\/258"}],"collection":[{"href":"https:\/\/modicare.eu\/index.php\/wp-json\/wp\/v2\/pages"}],"about":[{"href":"https:\/\/modicare.eu\/index.php\/wp-json\/wp\/v2\/types\/page"}],"author":[{"embeddable":true,"href":"https:\/\/modicare.eu\/index.php\/wp-json\/wp\/v2\/users\/1"}],"replies":[{"embeddable":true,"href":"https:\/\/modicare.eu\/index.php\/wp-json\/wp\/v2\/comments?post=258"}],"version-history":[{"count":6,"href":"https:\/\/modicare.eu\/index.php\/wp-json\/wp\/v2\/pages\/258\/revisions"}],"predecessor-version":[{"id":528,"href":"https:\/\/modicare.eu\/index.php\/wp-json\/wp\/v2\/pages\/258\/revisions\/528"}],"wp:attachment":[{"href":"https:\/\/modicare.eu\/index.php\/wp-json\/wp\/v2\/media?parent=258"}],"curies":[{"name":"wp","href":"https:\/\/api.w.org\/{rel}","templated":true}]}}