{"id":256,"date":"2020-04-29T16:29:49","date_gmt":"2020-04-29T16:29:49","guid":{"rendered":"http:\/\/modicare.eu\/index.php\/impressum-2\/"},"modified":"2020-05-20T12:19:41","modified_gmt":"2020-05-20T12:19:41","slug":"impressum-2","status":"publish","type":"page","link":"https:\/\/modicare.eu\/index.php\/impressum-2\/","title":{"rendered":"Impressum"},"content":{"rendered":"<div class=\"woocommerce woocommerce-gzd woocommerce-gzd-complaints-shortcode\">\n\t<h3>Alternative Streitbeilegung gem\u00e4\u00df Art. 14 Abs. 1 ODR-VO und \u00a7 36 VSBG:<\/h3>\n\n<p>Die Europ\u00e4ische Kommission stellt eine Plattform zur Online-Streitbeilegung (OS) bereit, die du unter <a href=\"https:\/\/ec.europa.eu\/consumers\/odr\" target=\"_blank\">https:\/\/ec.europa.eu\/consumers\/odr<\/a> findest. Zur Teilnahme an einem Streitbeilegungsverfahren vor einer Verbraucherschlichtungsstelle sind wir nicht verpflichtet und nicht bereit.<\/p>\n<\/div>\n<p>&nbsp;<\/p>\n<p>modico GmbH &#038; Co KG<br \/>\nAuenstra\u00dfe 19, 86438\u00a0Kissing<\/p>\n<p>Germany<\/p>\n<p>Tel.: +49 2371 9309494<br \/>\nFax:  +49 2371 9309498<br \/>\nE-Mail: info@modicare.eu<br \/>\nInternet: www.modicare.eu<\/p>\n<p>Amtsgericht M\u00fcnchen, HRA 91796<br \/>\nKomplement\u00e4rin: modico Verwaltungs-GmbH,<br \/>\nAmtsgericht M\u00fcnchen, HRB 171673<\/p>\n<p>Gesch\u00e4ftsf\u00fchrer: Joachim Kuon<br \/>\nUst.-IDNr. DE258632231<\/p>\n<p>Alternative Streitbeilegung gem\u00e4\u00df Art. 14 Abs. 1 ODR-VO und \u00a7 36 VSBG:<br \/>\nDie Europ\u00e4ische Kommission stellt eine Plattform zur Online-Streitbeilegung (OS) bereit, die Sie unter https:\/\/ec.europa.eu\/consumers\/odr\/ finden. Zur Teilnahme an einem Streitbeilegungsverfahren vor einer Verbraucherschlichtungsstelle sind wir nicht verpflichtet und nicht bereit.<\/p>\n","protected":false},"excerpt":{"rendered":"<p>&nbsp; modico GmbH &#038; Co KG Auenstra\u00dfe 19, 86438\u00a0Kissing Germany Tel.: +49 2371 9309494 Fax: +49 2371 9309498 E-Mail: info@modicare.eu Internet: www.modicare.eu Amtsgericht M\u00fcnchen, HRA 91796 Komplement\u00e4rin: modico Verwaltungs-GmbH, Amtsgericht M\u00fcnchen, HRB 171673 Gesch\u00e4ftsf\u00fchrer: Joachim Kuon Ust.-IDNr. DE258632231 Alternative Streitbeilegung gem\u00e4\u00df Art. 14 Abs. 1 ODR-VO und \u00a7 36 VSBG: Die Europ\u00e4ische Kommission stellt eine [&hellip;]<\/p>\n","protected":false},"author":1,"featured_media":0,"parent":0,"menu_order":0,"comment_status":"closed","ping_status":"closed","template":"","meta":{"footnotes":""},"jetpack_sharing_enabled":true,"_links":{"self":[{"href":"https:\/\/modicare.eu\/index.php\/wp-json\/wp\/v2\/pages\/256"}],"collection":[{"href":"https:\/\/modicare.eu\/index.php\/wp-json\/wp\/v2\/pages"}],"about":[{"href":"https:\/\/modicare.eu\/index.php\/wp-json\/wp\/v2\/types\/page"}],"author":[{"embeddable":true,"href":"https:\/\/modicare.eu\/index.php\/wp-json\/wp\/v2\/users\/1"}],"replies":[{"embeddable":true,"href":"https:\/\/modicare.eu\/index.php\/wp-json\/wp\/v2\/comments?post=256"}],"version-history":[{"count":5,"href":"https:\/\/modicare.eu\/index.php\/wp-json\/wp\/v2\/pages\/256\/revisions"}],"predecessor-version":[{"id":477,"href":"https:\/\/modicare.eu\/index.php\/wp-json\/wp\/v2\/pages\/256\/revisions\/477"}],"wp:attachment":[{"href":"https:\/\/modicare.eu\/index.php\/wp-json\/wp\/v2\/media?parent=256"}],"curies":[{"name":"wp","href":"https:\/\/api.w.org\/{rel}","templated":true}]}}