{"id":218,"date":"2020-04-29T13:24:29","date_gmt":"2020-04-29T13:24:29","guid":{"rendered":"http:\/\/modicare.eu\/?page_id=218"},"modified":"2020-05-18T08:53:42","modified_gmt":"2020-05-18T08:53:42","slug":"agb","status":"publish","type":"page","link":"https:\/\/modicare.eu\/en\/index.php\/agb\/","title":{"rendered":"AGB"},"content":{"rendered":"<p>Allgemeine Gesch\u00e4ftsbedingungen (AGB)<\/p>\n[1] Geltungsbereich<br \/>\nDie modico GmbH &#038; Co. KG, Auenstra\u00dfe 19, <a href=\"tel:+4986438\">86438<\/a>\u00a0Kissing, f\u00fchrt s\u00e4mtliche Auftr\u00e4ge und Bestellungen auf Grundlage<br \/>\nder folgenden Allgemeinen Gesch\u00e4ftsbedingungen aus. Es gilt die zum Zeitpunkt der Bestellung g\u00fcltige Version. Abweichende<br \/>\nRegelungen werden nicht anerkannt, es sei denn, ihnen wurde von uns schriftlich zugestimmt. Insbesondere der Einbeziehung von<br \/>\nabweichenden Gesch\u00e4ftsbedingungen des Bestellers wird hiermit widersprochen.<\/p>\n[2] Angebot und Vertragsschluss<br \/>\nDas Angebot gem\u00e4\u00df Preisliste ist unverbindlich und freibleibend. Der Vertragsschluss kommt erst zustande, wenn die Bestellung<br \/>\nvon uns schriftlich best\u00e4tigt wird oder die modico GmbH &#038; Co. KG mit Kenntnis des Bestellers mit der Ausf\u00fchrung begonnen hat.<br \/>\nSoweit nicht anders vereinbart, sind die in den Angeboten genannten Preise zwei Wochen lang g\u00fcltig. Die Kosten f\u00fcr Bildbearbeitung,<br \/>\nSatz und Produktionsvorbereitung werden sofort f\u00e4llig, wenn der Besteller trotz seines Auftrags die Freigabe seiner individuell hergestellten<br \/>\nProdukte l\u00e4nger als zwei Wochen verweigert.<\/p>\n[3] Preise<br \/>\nAlle Preise verstehen sich in Euro. Sie gelten bei Abholung am Firmensitz F\u00fcrstenfeldbruck oder zuz\u00fcglich Versandkosten.<\/p>\n[4] Versand und Lieferung<br \/>\nDer Versand erfolgt im Inland abh\u00e4ngig vom Wert der Sendung versichert oder unversichert, in andere L\u00e4nder bei hohen Betr\u00e4gen als<br \/>\nEinschreiben oder Paket. Ist der Besteller Unternehmer, ein Unternehmen oder eine Beh\u00f6rde erfolgt der Versand auf Gefahr des Bestellers.<br \/>\nDie modico GmbH &#038; Co. KG bem\u00fcht sich immer um schnellstm\u00f6gliche und fristgerechte Lieferung. Die angegebene durchschnittliche<br \/>\nVersanddauer ist jedoch unverbindlich mit Ausnahme der F\u00e4lle, in denen ein verbindlicher Termin schriftlich von der modico GmbH<br \/>\n&#038; Co. KG zugesichert wurde. Bei Lieferverzug sind Schadenersatzanspr\u00fcche oder Ersatz f\u00fcr entgangenen Gewinn ausgeschlossen. Wird<br \/>\nder Liefertermin um mehr als vier Wochen \u00fcberschritten, hat der Besteller das Recht, schriftlich eine Nachfrist von mindestens zwei<br \/>\nWochen zu setzen, innerhalb der die Lieferung zu erfolgen hat. Kommt die Lieferung nach Ablauf der Nachfrist nicht zustande, kann der<br \/>\nBesteller schriftlich vom Vertrag zur\u00fccktreten. Bei Nichtabnahme bestellter Waren innerhalb zwei Wochen nach Fertigstellung wird der<br \/>\ngesamte Rechnungsbetrag sofort f\u00e4llig.<\/p>\n[5] Zahlung und Verzug<br \/>\nDie Lieferung innerhalb Deutschlands erfolgt in der Regel auf offene Rechnung, Vorauskasse bleibt vorbehalten. Lieferung ins Ausland<br \/>\nnur gegen Vorauskasse. Die Rechnungen sind f\u00e4llig wie auf der Rechnung vermerkt, wenn der Vermerk fehlt, ist die Rechnung sofort<br \/>\nf\u00e4llig bei Erhalt der Ware. Ab der zweiten Mahnung werden Mahngeb\u00fchren erhoben. Ger\u00e4t der K\u00e4ufer in Verzug ist die modico GmbH<br \/>\n&#038; Co. KG au\u00dferdem berechtigt, Verzugszinsen in H\u00f6he von 8% p. a. \u00fcber dem von der Europ\u00e4ischen Zentralbank bekannt gegebenen<br \/>\nBasiszinssatz einzufordern. Entsteht ein nachweisbar h\u00f6herer Verzugsschaden, die modico GmbH &#038; Co. KG berechtigt, diesen geltend<br \/>\nzu machen.<\/p>\n[6] Eigentumsvorbehalt<br \/>\nDie modico GmbH &#038; Co. KG beh\u00e4lt sich das Eigentum an den gelieferten Waren bis zur vollst\u00e4ndigen Zahlung s\u00e4mtlicher Forderungen<br \/>\naus dem Liefervertrag vor (gem\u00e4\u00df \u00a7 449 BGB u. a.). Die modico GmbH &#038; Co. KG ist berechtigt, die Waren zur\u00fcckzunehmen, wenn der<br \/>\nBesteller sich vertragswidrig verh\u00e4lt. Der Besteller ist verpflichtet, solange das Eigentum noch nicht auf ihn \u00fcbergegangen ist, die<br \/>\nWaren pfleglich zu behandeln. Der Besteller ist zur Weiterver\u00e4u\u00dferung der Waren im normalen Gesch\u00e4ftsverkehr berechtigt. Die Forderungen<br \/>\naus der Weiterver\u00e4u\u00dferung der Waren tritt der Besteller schon jetzt an uns in H\u00f6he des mit uns vereinbarten Rechnungsendbetrages<br \/>\n(einschlie\u00dflich Mehrwertsteuer) ab.<\/p>\n[7] Gew\u00e4hrleistung, Einhaltung gesetzlicher Bestimmungen und Nutzungsrechte<br \/>\nKundenspezifische Sonderanfertigungen sind vom Umtausch ausgeschlossen, wenn kein von der modico GmbH &#038; Co. KG zu verantwortender<br \/>\nMangel vorliegt. Die Gew\u00e4hrleistungsfrist betr\u00e4gt 12 Monate ab Erhalt der Ware sofern nichts anderes vereinbart. Der Besteller<br \/>\nhaftet alleine f\u00fcr die Verwendung von an die modico GmbH &#038; Co. KG \u00fcbergebene Logos, Schriftz\u00fcge und Warenzeichen, f\u00fcr die Verletzung<br \/>\nvon Urheberrechten Dritter und f\u00fcr die Einhaltung s\u00e4mtlicher rechtlicher Vorschriften, insbesondere die Einhaltung des Urheberrechts, des<br \/>\nMarkenrechts und des Wettbewerbsrechts. An Entw\u00fcrfen und Layouts werden nur einfache Nutzungsrechte einger\u00e4umt, nicht jedoch Eigentumsrechte<br \/>\n\u00fcbertragen. Abweichende Regelungen, insbesondere die Herausgabe von Daten und Dateien, m\u00fcssen schriftlich zwischen dem<br \/>\nBesteller und der modico GmbH &#038; Co. KG vereinbart und gesondert verg\u00fctet werden.<\/p>\n[8] M\u00e4ngel und Fehler<br \/>\nM\u00e4ngel und Fehler der Waren, die offensichtlich die modico GmbH &#038; Co. KG zu verantworten hat, m\u00fcssen vom Besteller innerhalb von<br \/>\n30 Tagen nach Erhalt angezeigt werden. Bei berechtigten Beanstandungen wird kostenlos ersetzt oder nachgebessert. Bei einem nicht<br \/>\nzu behebenden Mangel wird der Kaufpreis erstattet. Weitergehende Anspr\u00fcche des Bestellers sind ausgeschlossen.<\/p>\n[9] Haftung<br \/>\nWir haften unbeschadet vorstehender Regelungen und der nachfolgenden Haftungsbeschr\u00e4nkungen uneingeschr\u00e4nkt f\u00fcr Sch\u00e4den an<br \/>\nLeben, K\u00f6rper und Gesundheit, die auf einer Pflichtverletzung der gesetzlichen Vertreter oder Erf\u00fcllungsgehilfen der modico GmbH &#038;<br \/>\nCo. KG beruhen, sowie f\u00fcr Sch\u00e4den, die von der Haftung nach dem Produkthaftungsgesetz umfasst werden, sowie f\u00fcr alle Sch\u00e4den,<br \/>\ndie auf der Verletzung vertraglicher Kardinalpflichten beruhen. Eine weitergehende Haftung ist ohne R\u00fccksicht auf die Rechtsnatur des<br \/>\ngeltend gemachten Anspruchs ausgeschlossen. Soweit die Haftung der modico GmbH &#038; Co. KG ausgeschlossen oder beschr\u00e4nkt ist,<br \/>\ngilt dies auch f\u00fcr die pers\u00f6nliche Haftung unserer Angestellten, Arbeitnehmer, Mitarbeiter, Vertreter und Erf\u00fcllungsgehilfen.<\/p>\n[10] Erf\u00fcllungsort und Gerichtsstand<br \/>\nErf\u00fcllungsort und Gerichtsstand ist F\u00fcrstenfeldbruck.<\/p>\n[11] Anwendbares Recht<br \/>\nDieser Vertrag und die gesamten Rechtsbeziehungen der Parteien unterliegen dem Recht der Bundesrepublik Deutschland unter Ausschluss<br \/>\ndes UN-Kaufrechts (CISG). Diese Allgemeinen Gesch\u00e4ftsbedingungen werden mit jeder Bestellung ausdr\u00fccklich anerkannt.<\/p>\n[12] Salvatorische Klausel<br \/>\nSollten einzelne Bestimmungen dieses Vertrages unwirksam sein oder werden oder eine L\u00fccke enthalten, so bleiben die \u00fcbrigen Bestimmungen<br \/>\nhiervon unber\u00fchrt.<\/p>\n","protected":false},"excerpt":{"rendered":"<p>Allgemeine Gesch\u00e4ftsbedingungen (AGB) [1] Geltungsbereich Die modico GmbH &#038; Co. KG, Auenstra\u00dfe 19, 86438\u00a0Kissing, f\u00fchrt s\u00e4mtliche Auftr\u00e4ge und Bestellungen auf Grundlage der folgenden Allgemeinen Gesch\u00e4ftsbedingungen aus. Es gilt die zum Zeitpunkt der Bestellung g\u00fcltige Version. Abweichende Regelungen werden nicht anerkannt, es sei denn, ihnen wurde von uns schriftlich zugestimmt. Insbesondere der Einbeziehung von abweichenden Gesch\u00e4ftsbedingungen [&hellip;]<\/p>\n","protected":false},"author":1,"featured_media":0,"parent":0,"menu_order":0,"comment_status":"closed","ping_status":"closed","template":"","meta":{"footnotes":""},"jetpack_sharing_enabled":true,"_links":{"self":[{"href":"https:\/\/modicare.eu\/en\/index.php\/wp-json\/wp\/v2\/pages\/218"}],"collection":[{"href":"https:\/\/modicare.eu\/en\/index.php\/wp-json\/wp\/v2\/pages"}],"about":[{"href":"https:\/\/modicare.eu\/en\/index.php\/wp-json\/wp\/v2\/types\/page"}],"author":[{"embeddable":true,"href":"https:\/\/modicare.eu\/en\/index.php\/wp-json\/wp\/v2\/users\/1"}],"replies":[{"embeddable":true,"href":"https:\/\/modicare.eu\/en\/index.php\/wp-json\/wp\/v2\/comments?post=218"}],"version-history":[{"count":3,"href":"https:\/\/modicare.eu\/en\/index.php\/wp-json\/wp\/v2\/pages\/218\/revisions"}],"predecessor-version":[{"id":450,"href":"https:\/\/modicare.eu\/en\/index.php\/wp-json\/wp\/v2\/pages\/218\/revisions\/450"}],"wp:attachment":[{"href":"https:\/\/modicare.eu\/en\/index.php\/wp-json\/wp\/v2\/media?parent=218"}],"curies":[{"name":"wp","href":"https:\/\/api.w.org\/{rel}","templated":true}]}}